{"id":359,"date":"2018-04-17T13:11:53","date_gmt":"2018-04-17T13:11:53","guid":{"rendered":"https:\/\/www.chronicles.pl\/koncepcja\/"},"modified":"2024-01-07T15:07:44","modified_gmt":"2024-01-07T15:07:44","slug":"concept","status":"publish","type":"page","link":"https:\/\/www.chronicles.pl\/en\/concept\/","title":{"rendered":"Concept"},"content":{"rendered":"<h2 class=\"title\">W Chronicles opowiadamy historie w spos\u00f3b nigdy wcze\u015bniej nieopowiedziany<\/h2>\n<p style=\"text-align: justify;\">Wszyscy znamy to uczucie, pojawiaj\u0105ce si\u0119, gdy po d\u0142u\u017cszej przerwie si\u0119gamy po perfumy, kt\u00f3re towarzyszy\u0142y nam w najwa\u017cniejszych chwilach naszego \u017cycia. Pot\u0119\u017cna, zapachowa retrospekcja, o\u017cywiaj\u0105ca wspomnienia tak wyra\u017anie, jak by\u015bmy na moment przenie\u015bli si\u0119 w czasie. To obezw\u0142adniaj\u0105ce wra\u017cenie sta\u0142o si\u0119 bezpo\u015bredni\u0105 inspiracj\u0105 dla powstania Chronicles.<\/p>\n<p style=\"text-align: justify;\">Zapragn\u0119li\u015bmy jednak p\u00f3j\u015b\u0107 dalej, wykraczaj\u0105c poza granice w\u0142asnych wspomnie\u0144. Si\u0119gn\u0105\u0107 po inspiracje zapisane w kronikach dziej\u00f3w &#8211; do najwa\u017cniejszych wydarze\u0144 w historii ludzko\u015bci.<\/p>\n<p style=\"text-align: justify;\">W taki spos\u00f3b powsta\u0142 jedyny w swoim rodzaju, olfaktoryczny wehiku\u0142 czasu.<\/p>\n<h3 class=\"title\">Razem z Chronicles b\u0119dziesz \u015bwiadkiem wielkich chwil zmieniaj\u0105cych losy ca\u0142ych narod\u00f3w, inicjatyw transformuj\u0105cych funkcjonowanie spo\u0142ecze\u0144stw i intymnych spotka\u0144 skutkuj\u0105cych decyzjami wielkiej wagi.<\/h3>\n<p style=\"text-align: justify;\">W Chronicles odchodzimy od koncepcji tworzenia kompozycji zapachowej, kt\u00f3rej p\u00f3\u017aniej nadaje si\u0119 nazwy i \u0142atki marketingowe, przez co bolesny dysonans mi\u0119dzy kompozycj\u0105 a przekazem staje si\u0119 nieunikniony. Prace rozpoczynamy zawsze od poszukiwania inspiracji i pog\u0142\u0119bionych analiz t\u0142a historycznego. W kolejnym kroku wyznaczamy sobie ramy realizacyjne, starannie dobieraj\u0105c nuty i akordy, kt\u00f3re eksperymentalnie testujemy w murach w\u0142asnej pracowni. <\/p>\n<p style=\"text-align: justify;\">Chcemy, by nasza zapachowa interpretacja wydarze\u0144 minionych portetowa\u0142a je w jak najszerszy spos\u00f3b. Przekazuj\u0105c emocje towarzysz\u0105ce historii, olfaktorycznych inspiracji poszukujemy w rzetelnych analizach, bior\u0105c pod uwag\u0119 ca\u0142\u0105 gam\u0119 czynnik\u00f3w takich jak geografia regionu, <span style=\"text-align: justify; letter-spacing: 0px;\">kluczowe elementy kulturowe, \u017ar\u00f3d\u0142a historyczne, szeroko rozumianego \u201educha\u201d wydarzenia i wreszcie &#8211; jego nast\u0119pstwa.<\/span><\/p>\n<p style=\"text-align: justify;\">Wierzymy, \u017ce atrakcyjne przedstawienie historii wymaga zaanga\u017cowania wielu zmys\u0142\u00f3w. Dlatego ka\u017cde wydarzenie historyczne portretujemy za pomoc\u0105 r\u00f3\u017cnych \u015brodk\u00f3w przekazu:<\/p>\n<p style=\"text-align: justify;\"><strong><span style=\"color: #93703e;\">S\u0142owo,<\/span><\/strong>precyzyjnie opisuj\u0105ce t\u0142o portretowanych wydarze\u0144, porz\u0105dkuj\u0105ce fakty, nakre\u015blaj\u0105ce motywacje i emocje wspierane jest autorsk\u0105 <strong style=\"color: #93703e;\">ilustracj\u0105<\/strong> czerpi\u0105c\u0105 ze \u017ar\u00f3de\u0142 historycznych, ikonografii i utrwalonej symboliki \u2013 dopiero na tak tak szerokim fundamencie skomponowany w bezkompromisowy spos\u00f3b <strong style=\"color: #93703e;\">zapach<\/strong> jest w stanie przenie\u015b\u0107 nasz umys\u0142 w centrum dawnych chwil.<\/p>\n<p style=\"text-align: justify;\">Jedynie w tak pe\u0142nej formule jeste\u015bmy w stanie zaoferowa\u0107 sp\u00f3jne, synestetyczne i prawdziwie niezapomniane do\u015bwiadczenie. <\/p>\n","protected":false},"excerpt":{"rendered":"<p>W Chronicles opowiadamy historie w spos\u00f3b nigdy wcze\u015bniej nieopowiedziany Wszyscy znamy to uczucie, pojawiaj\u0105ce si\u0119, gdy po d\u0142u\u017cszej przerwie si\u0119gamy po perfumy, kt\u00f3re towarzyszy\u0142y nam w<span class=\"excerpt-hellip\"> [\u2026]<\/span><\/p>\n","protected":false},"author":1,"featured_media":0,"parent":0,"menu_order":0,"comment_status":"open","ping_status":"closed","template":"","meta":{"footnotes":""},"class_list":["post-359","page","type-page","status-publish","hentry"],"yoast_head":"<!-- This site is optimized with the Yoast SEO plugin v27.2 - https:\/\/yoast.com\/product\/yoast-seo-wordpress\/ -->\n<title>Concept - Chronicles - scents of history<\/title>\n<meta name=\"description\" content=\"Chronicles perfume is a unique time machine, which through the scent transforms us in the centre of the most exciting events from the history of mankind.\" \/>\n<meta name=\"robots\" content=\"index, follow, max-snippet:-1, max-image-preview:large, max-video-preview:-1\" \/>\n<link rel=\"canonical\" href=\"https:\/\/www.chronicles.pl\/en\/concept\/\" \/>\n<meta property=\"og:locale\" content=\"en_US\" \/>\n<meta property=\"og:type\" content=\"article\" \/>\n<meta property=\"og:title\" content=\"Concept - Chronicles - scents of history\" \/>\n<meta property=\"og:description\" content=\"Chronicles perfume is a unique time machine, which through the scent transforms us in the centre of the most exciting events from the history of mankind.\" \/>\n<meta property=\"og:url\" content=\"https:\/\/www.chronicles.pl\/en\/concept\/\" \/>\n<meta property=\"og:site_name\" content=\"Chronicles - scents of history\" \/>\n<meta property=\"article:publisher\" content=\"https:\/\/www.facebook.com\/chronicles.perfumes\" \/>\n<meta property=\"article:modified_time\" content=\"2024-01-07T15:07:44+00:00\" \/>\n<meta name=\"twitter:card\" content=\"summary_large_image\" \/>\n<meta name=\"twitter:label1\" content=\"Est. reading time\" \/>\n\t<meta name=\"twitter:data1\" content=\"2 minutes\" \/>\n<script type=\"application\/ld+json\" class=\"yoast-schema-graph\">{\"@context\":\"https:\/\/schema.org\",\"@graph\":[{\"@type\":\"WebPage\",\"@id\":\"https:\/\/www.chronicles.pl\/en\/concept\/\",\"url\":\"https:\/\/www.chronicles.pl\/en\/concept\/\",\"name\":\"Concept - Chronicles - scents of history\",\"isPartOf\":{\"@id\":\"https:\/\/www.chronicles.pl\/#website\"},\"datePublished\":\"2018-04-17T13:11:53+00:00\",\"dateModified\":\"2024-01-07T15:07:44+00:00\",\"description\":\"Chronicles perfume is a unique time machine, which through the scent transforms us in the centre of the most exciting events from the history of mankind.\",\"breadcrumb\":{\"@id\":\"https:\/\/www.chronicles.pl\/en\/concept\/#breadcrumb\"},\"inLanguage\":\"en-US\",\"potentialAction\":[{\"@type\":\"ReadAction\",\"target\":[\"https:\/\/www.chronicles.pl\/en\/concept\/\"]}]},{\"@type\":\"BreadcrumbList\",\"@id\":\"https:\/\/www.chronicles.pl\/en\/concept\/#breadcrumb\",\"itemListElement\":[{\"@type\":\"ListItem\",\"position\":1,\"name\":\"Strona g\u0142\u00f3wna\",\"item\":\"https:\/\/www.chronicles.pl\/en\/\"},{\"@type\":\"ListItem\",\"position\":2,\"name\":\"Concept\"}]},{\"@type\":\"WebSite\",\"@id\":\"https:\/\/www.chronicles.pl\/#website\",\"url\":\"https:\/\/www.chronicles.pl\/\",\"name\":\"Chronicles - scents of history\",\"description\":\"Scents of History\",\"publisher\":{\"@id\":\"https:\/\/www.chronicles.pl\/#organization\"},\"potentialAction\":[{\"@type\":\"SearchAction\",\"target\":{\"@type\":\"EntryPoint\",\"urlTemplate\":\"https:\/\/www.chronicles.pl\/?s={search_term_string}\"},\"query-input\":{\"@type\":\"PropertyValueSpecification\",\"valueRequired\":true,\"valueName\":\"search_term_string\"}}],\"inLanguage\":\"en-US\"},{\"@type\":\"Organization\",\"@id\":\"https:\/\/www.chronicles.pl\/#organization\",\"name\":\"Chronicles - scents of history\",\"alternateName\":\"Chronicles\",\"url\":\"https:\/\/www.chronicles.pl\/\",\"logo\":{\"@type\":\"ImageObject\",\"inLanguage\":\"en-US\",\"@id\":\"https:\/\/www.chronicles.pl\/#\/schema\/logo\/image\/\",\"url\":\"https:\/\/www.chronicles.pl\/wp-content\/uploads\/2023\/08\/Chronicle_gold.png\",\"contentUrl\":\"https:\/\/www.chronicles.pl\/wp-content\/uploads\/2023\/08\/Chronicle_gold.png\",\"width\":2300,\"height\":1500,\"caption\":\"Chronicles - scents of history\"},\"image\":{\"@id\":\"https:\/\/www.chronicles.pl\/#\/schema\/logo\/image\/\"},\"sameAs\":[\"https:\/\/www.facebook.com\/chronicles.perfumes\"]}]}<\/script>\n<!-- \/ Yoast SEO plugin. -->","yoast_head_json":{"title":"Concept - Chronicles - scents of history","description":"Chronicles perfume is a unique time machine, which through the scent transforms us in the centre of the most exciting events from the history of mankind.","robots":{"index":"index","follow":"follow","max-snippet":"max-snippet:-1","max-image-preview":"max-image-preview:large","max-video-preview":"max-video-preview:-1"},"canonical":"https:\/\/www.chronicles.pl\/en\/concept\/","og_locale":"en_US","og_type":"article","og_title":"Concept - Chronicles - scents of history","og_description":"Chronicles perfume is a unique time machine, which through the scent transforms us in the centre of the most exciting events from the history of mankind.","og_url":"https:\/\/www.chronicles.pl\/en\/concept\/","og_site_name":"Chronicles - scents of history","article_publisher":"https:\/\/www.facebook.com\/chronicles.perfumes","article_modified_time":"2024-01-07T15:07:44+00:00","twitter_card":"summary_large_image","twitter_misc":{"Est. reading time":"2 minutes"},"schema":{"@context":"https:\/\/schema.org","@graph":[{"@type":"WebPage","@id":"https:\/\/www.chronicles.pl\/en\/concept\/","url":"https:\/\/www.chronicles.pl\/en\/concept\/","name":"Concept - Chronicles - scents of history","isPartOf":{"@id":"https:\/\/www.chronicles.pl\/#website"},"datePublished":"2018-04-17T13:11:53+00:00","dateModified":"2024-01-07T15:07:44+00:00","description":"Chronicles perfume is a unique time machine, which through the scent transforms us in the centre of the most exciting events from the history of mankind.","breadcrumb":{"@id":"https:\/\/www.chronicles.pl\/en\/concept\/#breadcrumb"},"inLanguage":"en-US","potentialAction":[{"@type":"ReadAction","target":["https:\/\/www.chronicles.pl\/en\/concept\/"]}]},{"@type":"BreadcrumbList","@id":"https:\/\/www.chronicles.pl\/en\/concept\/#breadcrumb","itemListElement":[{"@type":"ListItem","position":1,"name":"Strona g\u0142\u00f3wna","item":"https:\/\/www.chronicles.pl\/en\/"},{"@type":"ListItem","position":2,"name":"Concept"}]},{"@type":"WebSite","@id":"https:\/\/www.chronicles.pl\/#website","url":"https:\/\/www.chronicles.pl\/","name":"Chronicles - scents of history","description":"Scents of History","publisher":{"@id":"https:\/\/www.chronicles.pl\/#organization"},"potentialAction":[{"@type":"SearchAction","target":{"@type":"EntryPoint","urlTemplate":"https:\/\/www.chronicles.pl\/?s={search_term_string}"},"query-input":{"@type":"PropertyValueSpecification","valueRequired":true,"valueName":"search_term_string"}}],"inLanguage":"en-US"},{"@type":"Organization","@id":"https:\/\/www.chronicles.pl\/#organization","name":"Chronicles - scents of history","alternateName":"Chronicles","url":"https:\/\/www.chronicles.pl\/","logo":{"@type":"ImageObject","inLanguage":"en-US","@id":"https:\/\/www.chronicles.pl\/#\/schema\/logo\/image\/","url":"https:\/\/www.chronicles.pl\/wp-content\/uploads\/2023\/08\/Chronicle_gold.png","contentUrl":"https:\/\/www.chronicles.pl\/wp-content\/uploads\/2023\/08\/Chronicle_gold.png","width":2300,"height":1500,"caption":"Chronicles - scents of history"},"image":{"@id":"https:\/\/www.chronicles.pl\/#\/schema\/logo\/image\/"},"sameAs":["https:\/\/www.facebook.com\/chronicles.perfumes"]}]}},"jetpack_sharing_enabled":true,"_links":{"self":[{"href":"https:\/\/www.chronicles.pl\/en\/wp-json\/wp\/v2\/pages\/359","targetHints":{"allow":["GET"]}}],"collection":[{"href":"https:\/\/www.chronicles.pl\/en\/wp-json\/wp\/v2\/pages"}],"about":[{"href":"https:\/\/www.chronicles.pl\/en\/wp-json\/wp\/v2\/types\/page"}],"author":[{"embeddable":true,"href":"https:\/\/www.chronicles.pl\/en\/wp-json\/wp\/v2\/users\/1"}],"replies":[{"embeddable":true,"href":"https:\/\/www.chronicles.pl\/en\/wp-json\/wp\/v2\/comments?post=359"}],"version-history":[{"count":2,"href":"https:\/\/www.chronicles.pl\/en\/wp-json\/wp\/v2\/pages\/359\/revisions"}],"predecessor-version":[{"id":362,"href":"https:\/\/www.chronicles.pl\/en\/wp-json\/wp\/v2\/pages\/359\/revisions\/362"}],"wp:attachment":[{"href":"https:\/\/www.chronicles.pl\/en\/wp-json\/wp\/v2\/media?parent=359"}],"curies":[{"name":"wp","href":"https:\/\/api.w.org\/{rel}","templated":true}]}}