{"id":345,"date":"2018-04-17T13:11:21","date_gmt":"2018-04-17T13:11:21","guid":{"rendered":"https:\/\/www.chronicles.pl\/perfumy\/"},"modified":"2025-06-04T15:27:28","modified_gmt":"2025-06-04T15:27:28","slug":"perfumy","status":"publish","type":"page","link":"https:\/\/www.chronicles.pl\/en\/perfumy\/","title":{"rendered":"Perfumy"},"content":{"rendered":"<h2 class=\"title\">Poznaj kolekcj\u0119 Chronicles<\/h2>\n<p>Poni\u017cej znajdziesz perfumy wchodz\u0105ce w sk\u0142ad naszego portfolio.<br \/>\n<img width=\"943\" height=\"943\" src=\"https:\/\/www.chronicles.pl\/wp-content\/uploads\/2023\/11\/Cleo_small-e1701434057449.png\" class=\"scale-with-grid\" alt=\"\" style=\"\" decoding=\"async\" loading=\"lazy\" srcset=\"https:\/\/www.chronicles.pl\/wp-content\/uploads\/2023\/11\/Cleo_small-e1701434057449.png 943w, https:\/\/www.chronicles.pl\/wp-content\/uploads\/2023\/11\/Cleo_small-e1701434057449-500x500.png 500w, https:\/\/www.chronicles.pl\/wp-content\/uploads\/2023\/11\/Cleo_small-e1701434057449-300x300.png 300w, https:\/\/www.chronicles.pl\/wp-content\/uploads\/2023\/11\/Cleo_small-e1701434057449-768x768.png 768w, https:\/\/www.chronicles.pl\/wp-content\/uploads\/2023\/11\/Cleo_small-e1701434057449-150x150.png 150w, https:\/\/www.chronicles.pl\/wp-content\/uploads\/2023\/11\/Cleo_small-e1701434057449-75x75.png 75w, https:\/\/www.chronicles.pl\/wp-content\/uploads\/2023\/11\/Cleo_small-e1701434057449-480x480.png 480w, https:\/\/www.chronicles.pl\/wp-content\/uploads\/2023\/11\/Cleo_small-e1701434057449-800x800.png 800w\" sizes=\"auto, (max-width:767px) 480px, (max-width:943px) 100vw, 943px\" \/><\/p>\n<h3 class=\"title\">47 BC<\/h3>\n<h2 class=\"title\">Cleopatra&#8217;s<br \/>\nPower Play<\/h2>\n<p>Pierwsze spotkanie Cleopatry VII z Juliuszem Cezarem w pa\u0142acu aleksandryjskim to chwila, w kt\u00f3rej intymno\u015b\u0107 i wzajemna ciekawo\u015b\u0107 dw\u00f3ch wybitnych strateg\u00f3w staro\u017cytno\u015bci staje si\u0119 scenografi\u0105 dla wielkiej gry politycznej, kt\u00f3ra ju\u017c rok p\u00f3\u017aniej zredefiniuje uk\u0142ad si\u0142 w basenie Morza \u015ar\u00f3dziemnego.<\/p>\n<p><a  class=\"button  button_full_width button_theme button_size_2 button_dark\"  href=\"https:\/\/www.chronicles.pl\/en\/produkt\/cleopatras-power-play\/\"     title=\"\"><span class=\"button_label\">ODKRYJ<\/span><\/a><\/p>\n<h3 class=\"title\">1773<\/h3>\n<h2 class=\"title\">Boston<br \/>\n Tea Party<\/h2>\n<p>Najdono\u015bniejszy sprzeciw epoki kolonialnej przeszywa mro\u017ane, grudniowe powietrze, staj\u0105c si\u0119 uniwersalnym symbolem walki o wolno\u015b\u0107 &#8211; fundamentaln\u0105 warto\u015b\u0107 tworz\u0105cego si\u0119 narodu.<\/p>\n<p><a  class=\"button  button_full_width button_theme button_size_2 button_dark\"  href=\"https:\/\/www.chronicles.pl\/en\/produkt\/boston-tea-party\/\"     title=\"\"><span class=\"button_label\">ODKRYJ<\/span><\/a><br \/>\n<img width=\"1229\" height=\"1229\" src=\"https:\/\/www.chronicles.pl\/wp-content\/uploads\/2023\/12\/Boston_web.jpg\" class=\"scale-with-grid\" alt=\"Boston Tea Party\" style=\"\" decoding=\"async\" loading=\"lazy\" srcset=\"https:\/\/www.chronicles.pl\/wp-content\/uploads\/2023\/12\/Boston_web.jpg 1229w, https:\/\/www.chronicles.pl\/wp-content\/uploads\/2023\/12\/Boston_web-500x500.jpg 500w, https:\/\/www.chronicles.pl\/wp-content\/uploads\/2023\/12\/Boston_web-1200x1200.jpg 1200w, https:\/\/www.chronicles.pl\/wp-content\/uploads\/2023\/12\/Boston_web-300x300.jpg 300w, https:\/\/www.chronicles.pl\/wp-content\/uploads\/2023\/12\/Boston_web-768x768.jpg 768w, https:\/\/www.chronicles.pl\/wp-content\/uploads\/2023\/12\/Boston_web-150x150.jpg 150w, https:\/\/www.chronicles.pl\/wp-content\/uploads\/2023\/12\/Boston_web-75x75.jpg 75w, https:\/\/www.chronicles.pl\/wp-content\/uploads\/2023\/12\/Boston_web-480x480.jpg 480w, https:\/\/www.chronicles.pl\/wp-content\/uploads\/2023\/12\/Boston_web-800x800.jpg 800w\" sizes=\"auto, (max-width:767px) 480px, (max-width:1229px) 100vw, 1229px\" \/><\/p>\n","protected":false},"excerpt":{"rendered":"<p>Poznaj kolekcj\u0119 Chronicles Poni\u017cej znajdziesz perfumy wchodz\u0105ce w sk\u0142ad naszego portfolio. 47 BC Cleopatra&#8217;s Power Play Pierwsze spotkanie Cleopatry VII z Juliuszem Cezarem w pa\u0142acu aleksandryjskim<span class=\"excerpt-hellip\"> [\u2026]<\/span><\/p>\n","protected":false},"author":1,"featured_media":0,"parent":0,"menu_order":0,"comment_status":"open","ping_status":"closed","template":"","meta":{"footnotes":""},"class_list":["post-345","page","type-page","status-publish","hentry"],"yoast_head":"<!-- This site is optimized with the Yoast SEO plugin v27.2 - https:\/\/yoast.com\/product\/yoast-seo-wordpress\/ -->\n<title>Perfumy - Chronicles - scents of history<\/title>\n<meta name=\"description\" content=\"Perfumy potrafi\u0105 opowiada\u0107 rozmaite historie. Zajrzyj do naszej kroniki i zobacz, jakie wydarzenia historyczne portretuj\u0105 zapachy Chronicles.\" \/>\n<meta name=\"robots\" content=\"index, follow, max-snippet:-1, max-image-preview:large, max-video-preview:-1\" \/>\n<link rel=\"canonical\" href=\"https:\/\/www.chronicles.pl\/en\/perfumy\/\" \/>\n<meta property=\"og:locale\" content=\"en_US\" \/>\n<meta property=\"og:type\" content=\"article\" \/>\n<meta property=\"og:title\" content=\"Perfumy - Chronicles - scents of history\" \/>\n<meta property=\"og:description\" content=\"Perfumy potrafi\u0105 opowiada\u0107 rozmaite historie. Zajrzyj do naszej kroniki i zobacz, jakie wydarzenia historyczne portretuj\u0105 zapachy Chronicles.\" \/>\n<meta property=\"og:url\" content=\"https:\/\/www.chronicles.pl\/en\/perfumy\/\" \/>\n<meta property=\"og:site_name\" content=\"Chronicles - scents of history\" \/>\n<meta property=\"article:publisher\" content=\"https:\/\/www.facebook.com\/chronicles.perfumes\" \/>\n<meta property=\"article:modified_time\" content=\"2025-06-04T15:27:28+00:00\" \/>\n<meta property=\"og:image\" content=\"https:\/\/www.chronicles.pl\/wp-content\/uploads\/2023\/11\/Cleo_small-e1701434057449.png\" \/>\n<meta name=\"twitter:card\" content=\"summary_large_image\" \/>\n<meta name=\"twitter:label1\" content=\"Est. reading time\" \/>\n\t<meta name=\"twitter:data1\" content=\"1 minute\" \/>\n<script type=\"application\/ld+json\" class=\"yoast-schema-graph\">{\"@context\":\"https:\/\/schema.org\",\"@graph\":[{\"@type\":\"WebPage\",\"@id\":\"https:\/\/www.chronicles.pl\/en\/perfumy\/\",\"url\":\"https:\/\/www.chronicles.pl\/en\/perfumy\/\",\"name\":\"Perfumy - Chronicles - scents of history\",\"isPartOf\":{\"@id\":\"https:\/\/www.chronicles.pl\/#website\"},\"primaryImageOfPage\":{\"@id\":\"https:\/\/www.chronicles.pl\/en\/perfumy\/#primaryimage\"},\"image\":{\"@id\":\"https:\/\/www.chronicles.pl\/en\/perfumy\/#primaryimage\"},\"thumbnailUrl\":\"https:\/\/www.chronicles.pl\/wp-content\/uploads\/2023\/11\/Cleo_small-e1701434057449.png\",\"datePublished\":\"2018-04-17T13:11:21+00:00\",\"dateModified\":\"2025-06-04T15:27:28+00:00\",\"description\":\"Perfumy potrafi\u0105 opowiada\u0107 rozmaite historie. Zajrzyj do naszej kroniki i zobacz, jakie wydarzenia historyczne portretuj\u0105 zapachy Chronicles.\",\"breadcrumb\":{\"@id\":\"https:\/\/www.chronicles.pl\/en\/perfumy\/#breadcrumb\"},\"inLanguage\":\"en-US\",\"potentialAction\":[{\"@type\":\"ReadAction\",\"target\":[\"https:\/\/www.chronicles.pl\/en\/perfumy\/\"]}]},{\"@type\":\"ImageObject\",\"inLanguage\":\"en-US\",\"@id\":\"https:\/\/www.chronicles.pl\/en\/perfumy\/#primaryimage\",\"url\":\"https:\/\/www.chronicles.pl\/wp-content\/uploads\/2023\/11\/Cleo_small-e1701434057449.png\",\"contentUrl\":\"https:\/\/www.chronicles.pl\/wp-content\/uploads\/2023\/11\/Cleo_small-e1701434057449.png\"},{\"@type\":\"BreadcrumbList\",\"@id\":\"https:\/\/www.chronicles.pl\/en\/perfumy\/#breadcrumb\",\"itemListElement\":[{\"@type\":\"ListItem\",\"position\":1,\"name\":\"Strona g\u0142\u00f3wna\",\"item\":\"https:\/\/www.chronicles.pl\/en\/\"},{\"@type\":\"ListItem\",\"position\":2,\"name\":\"Perfumy\"}]},{\"@type\":\"WebSite\",\"@id\":\"https:\/\/www.chronicles.pl\/#website\",\"url\":\"https:\/\/www.chronicles.pl\/\",\"name\":\"Chronicles - scents of history\",\"description\":\"Scents of History\",\"publisher\":{\"@id\":\"https:\/\/www.chronicles.pl\/#organization\"},\"potentialAction\":[{\"@type\":\"SearchAction\",\"target\":{\"@type\":\"EntryPoint\",\"urlTemplate\":\"https:\/\/www.chronicles.pl\/?s={search_term_string}\"},\"query-input\":{\"@type\":\"PropertyValueSpecification\",\"valueRequired\":true,\"valueName\":\"search_term_string\"}}],\"inLanguage\":\"en-US\"},{\"@type\":\"Organization\",\"@id\":\"https:\/\/www.chronicles.pl\/#organization\",\"name\":\"Chronicles - scents of history\",\"alternateName\":\"Chronicles\",\"url\":\"https:\/\/www.chronicles.pl\/\",\"logo\":{\"@type\":\"ImageObject\",\"inLanguage\":\"en-US\",\"@id\":\"https:\/\/www.chronicles.pl\/#\/schema\/logo\/image\/\",\"url\":\"https:\/\/www.chronicles.pl\/wp-content\/uploads\/2023\/08\/Chronicle_gold.png\",\"contentUrl\":\"https:\/\/www.chronicles.pl\/wp-content\/uploads\/2023\/08\/Chronicle_gold.png\",\"width\":2300,\"height\":1500,\"caption\":\"Chronicles - scents of history\"},\"image\":{\"@id\":\"https:\/\/www.chronicles.pl\/#\/schema\/logo\/image\/\"},\"sameAs\":[\"https:\/\/www.facebook.com\/chronicles.perfumes\"]}]}<\/script>\n<!-- \/ Yoast SEO plugin. -->","yoast_head_json":{"title":"Perfumy - Chronicles - scents of history","description":"Perfumy potrafi\u0105 opowiada\u0107 rozmaite historie. Zajrzyj do naszej kroniki i zobacz, jakie wydarzenia historyczne portretuj\u0105 zapachy Chronicles.","robots":{"index":"index","follow":"follow","max-snippet":"max-snippet:-1","max-image-preview":"max-image-preview:large","max-video-preview":"max-video-preview:-1"},"canonical":"https:\/\/www.chronicles.pl\/en\/perfumy\/","og_locale":"en_US","og_type":"article","og_title":"Perfumy - Chronicles - scents of history","og_description":"Perfumy potrafi\u0105 opowiada\u0107 rozmaite historie. Zajrzyj do naszej kroniki i zobacz, jakie wydarzenia historyczne portretuj\u0105 zapachy Chronicles.","og_url":"https:\/\/www.chronicles.pl\/en\/perfumy\/","og_site_name":"Chronicles - scents of history","article_publisher":"https:\/\/www.facebook.com\/chronicles.perfumes","article_modified_time":"2025-06-04T15:27:28+00:00","og_image":[{"url":"https:\/\/www.chronicles.pl\/wp-content\/uploads\/2023\/11\/Cleo_small-e1701434057449.png","type":"","width":"","height":""}],"twitter_card":"summary_large_image","twitter_misc":{"Est. reading time":"1 minute"},"schema":{"@context":"https:\/\/schema.org","@graph":[{"@type":"WebPage","@id":"https:\/\/www.chronicles.pl\/en\/perfumy\/","url":"https:\/\/www.chronicles.pl\/en\/perfumy\/","name":"Perfumy - Chronicles - scents of history","isPartOf":{"@id":"https:\/\/www.chronicles.pl\/#website"},"primaryImageOfPage":{"@id":"https:\/\/www.chronicles.pl\/en\/perfumy\/#primaryimage"},"image":{"@id":"https:\/\/www.chronicles.pl\/en\/perfumy\/#primaryimage"},"thumbnailUrl":"https:\/\/www.chronicles.pl\/wp-content\/uploads\/2023\/11\/Cleo_small-e1701434057449.png","datePublished":"2018-04-17T13:11:21+00:00","dateModified":"2025-06-04T15:27:28+00:00","description":"Perfumy potrafi\u0105 opowiada\u0107 rozmaite historie. Zajrzyj do naszej kroniki i zobacz, jakie wydarzenia historyczne portretuj\u0105 zapachy Chronicles.","breadcrumb":{"@id":"https:\/\/www.chronicles.pl\/en\/perfumy\/#breadcrumb"},"inLanguage":"en-US","potentialAction":[{"@type":"ReadAction","target":["https:\/\/www.chronicles.pl\/en\/perfumy\/"]}]},{"@type":"ImageObject","inLanguage":"en-US","@id":"https:\/\/www.chronicles.pl\/en\/perfumy\/#primaryimage","url":"https:\/\/www.chronicles.pl\/wp-content\/uploads\/2023\/11\/Cleo_small-e1701434057449.png","contentUrl":"https:\/\/www.chronicles.pl\/wp-content\/uploads\/2023\/11\/Cleo_small-e1701434057449.png"},{"@type":"BreadcrumbList","@id":"https:\/\/www.chronicles.pl\/en\/perfumy\/#breadcrumb","itemListElement":[{"@type":"ListItem","position":1,"name":"Strona g\u0142\u00f3wna","item":"https:\/\/www.chronicles.pl\/en\/"},{"@type":"ListItem","position":2,"name":"Perfumy"}]},{"@type":"WebSite","@id":"https:\/\/www.chronicles.pl\/#website","url":"https:\/\/www.chronicles.pl\/","name":"Chronicles - scents of history","description":"Scents of History","publisher":{"@id":"https:\/\/www.chronicles.pl\/#organization"},"potentialAction":[{"@type":"SearchAction","target":{"@type":"EntryPoint","urlTemplate":"https:\/\/www.chronicles.pl\/?s={search_term_string}"},"query-input":{"@type":"PropertyValueSpecification","valueRequired":true,"valueName":"search_term_string"}}],"inLanguage":"en-US"},{"@type":"Organization","@id":"https:\/\/www.chronicles.pl\/#organization","name":"Chronicles - scents of history","alternateName":"Chronicles","url":"https:\/\/www.chronicles.pl\/","logo":{"@type":"ImageObject","inLanguage":"en-US","@id":"https:\/\/www.chronicles.pl\/#\/schema\/logo\/image\/","url":"https:\/\/www.chronicles.pl\/wp-content\/uploads\/2023\/08\/Chronicle_gold.png","contentUrl":"https:\/\/www.chronicles.pl\/wp-content\/uploads\/2023\/08\/Chronicle_gold.png","width":2300,"height":1500,"caption":"Chronicles - scents of history"},"image":{"@id":"https:\/\/www.chronicles.pl\/#\/schema\/logo\/image\/"},"sameAs":["https:\/\/www.facebook.com\/chronicles.perfumes"]}]}},"jetpack_sharing_enabled":true,"_links":{"self":[{"href":"https:\/\/www.chronicles.pl\/en\/wp-json\/wp\/v2\/pages\/345","targetHints":{"allow":["GET"]}}],"collection":[{"href":"https:\/\/www.chronicles.pl\/en\/wp-json\/wp\/v2\/pages"}],"about":[{"href":"https:\/\/www.chronicles.pl\/en\/wp-json\/wp\/v2\/types\/page"}],"author":[{"embeddable":true,"href":"https:\/\/www.chronicles.pl\/en\/wp-json\/wp\/v2\/users\/1"}],"replies":[{"embeddable":true,"href":"https:\/\/www.chronicles.pl\/en\/wp-json\/wp\/v2\/comments?post=345"}],"version-history":[{"count":6,"href":"https:\/\/www.chronicles.pl\/en\/wp-json\/wp\/v2\/pages\/345\/revisions"}],"predecessor-version":[{"id":660,"href":"https:\/\/www.chronicles.pl\/en\/wp-json\/wp\/v2\/pages\/345\/revisions\/660"}],"wp:attachment":[{"href":"https:\/\/www.chronicles.pl\/en\/wp-json\/wp\/v2\/media?parent=345"}],"curies":[{"name":"wp","href":"https:\/\/api.w.org\/{rel}","templated":true}]}}