{"id":342,"date":"2018-04-17T13:10:46","date_gmt":"2018-04-17T13:10:46","guid":{"rendered":"https:\/\/www.chronicles.pl\/homepage\/"},"modified":"2025-06-04T15:26:55","modified_gmt":"2025-06-04T15:26:55","slug":"homepage","status":"publish","type":"page","link":"https:\/\/www.chronicles.pl\/en\/","title":{"rendered":"Home"},"content":{"rendered":"<p><img loading=\"lazy\" decoding=\"async\" class=\"scale-with-grid\" src=\"https:\/\/www.chronicles.pl\/wp-content\/uploads\/2023\/11\/Cleo_small-e1701434057449.png\" sizes=\"auto, (max-width:767px) 480px, (max-width:943px) 100vw, 943px\" srcset=\"https:\/\/www.chronicles.pl\/wp-content\/uploads\/2023\/11\/Cleo_small-e1701434057449.png 943w, https:\/\/www.chronicles.pl\/wp-content\/uploads\/2023\/11\/Cleo_small-e1701434057449-500x500.png 500w, https:\/\/www.chronicles.pl\/wp-content\/uploads\/2023\/11\/Cleo_small-e1701434057449-300x300.png 300w, https:\/\/www.chronicles.pl\/wp-content\/uploads\/2023\/11\/Cleo_small-e1701434057449-768x768.png 768w, https:\/\/www.chronicles.pl\/wp-content\/uploads\/2023\/11\/Cleo_small-e1701434057449-150x150.png 150w, https:\/\/www.chronicles.pl\/wp-content\/uploads\/2023\/11\/Cleo_small-e1701434057449-75x75.png 75w, https:\/\/www.chronicles.pl\/wp-content\/uploads\/2023\/11\/Cleo_small-e1701434057449-480x480.png 480w, https:\/\/www.chronicles.pl\/wp-content\/uploads\/2023\/11\/Cleo_small-e1701434057449-800x800.png 800w\" alt=\"\" width=\"943\" height=\"943\" \/><\/p>\n<h3 class=\"title\">47 BC<\/h3>\n<h1 class=\"title\">Cleopatra&#8217;s<br \/>\nPower Play<\/h1>\n<p>Pierwsze spotkanie Cleopatry VII z Juliuszem Cezarem w pa\u0142acu aleksandryjskim to chwila, w kt\u00f3rej intymno\u015b\u0107 i wzajemna ciekawo\u015b\u0107 dw\u00f3ch wybitnych strateg\u00f3w staro\u017cytno\u015bci staje si\u0119 scenografi\u0105 dla wielkiej gry politycznej, kt\u00f3ra ju\u017c rok p\u00f3\u017aniej zredefiniuje uk\u0142ad si\u0142 w basenie Morza \u015ar\u00f3dziemnego.<\/p>\n<p><a class=\"button  button_full_width button_theme button_size_2 button_dark\" title=\"\" href=\"https:\/\/www.chronicles.pl\/en\/produkt\/cleopatras-power-play\/\"><span class=\"button_label\">ODKRYJ<\/span><\/a><\/p>\n<h3 class=\"title\">1773<\/h3>\n<h1 class=\"title\">Boston<br \/>\nTea Party<\/h1>\n<p>Najdono\u015bniejszy sprzeciw epoki kolonialnej przeszywa mro\u017ane, grudniowe powietrze, staj\u0105c si\u0119 uniwersalnym symbolem walki o wolno\u015b\u0107 &#8211; fundamentaln\u0105 warto\u015b\u0107 tworz\u0105cego si\u0119 narodu.<\/p>\n<p><a class=\"button  button_full_width button_theme button_size_2 button_dark\" title=\"\" href=\"https:\/\/www.chronicles.pl\/en\/produkt\/boston-tea-party\/\"><span class=\"button_label\">ODKRYJ<\/span><\/a><br \/>\n<img loading=\"lazy\" decoding=\"async\" class=\"scale-with-grid\" src=\"https:\/\/www.chronicles.pl\/wp-content\/uploads\/2023\/12\/Boston_web.jpg\" sizes=\"auto, (max-width:767px) 480px, (max-width:1229px) 100vw, 1229px\" srcset=\"https:\/\/www.chronicles.pl\/wp-content\/uploads\/2023\/12\/Boston_web.jpg 1229w, https:\/\/www.chronicles.pl\/wp-content\/uploads\/2023\/12\/Boston_web-500x500.jpg 500w, https:\/\/www.chronicles.pl\/wp-content\/uploads\/2023\/12\/Boston_web-1200x1200.jpg 1200w, https:\/\/www.chronicles.pl\/wp-content\/uploads\/2023\/12\/Boston_web-300x300.jpg 300w, https:\/\/www.chronicles.pl\/wp-content\/uploads\/2023\/12\/Boston_web-768x768.jpg 768w, https:\/\/www.chronicles.pl\/wp-content\/uploads\/2023\/12\/Boston_web-150x150.jpg 150w, https:\/\/www.chronicles.pl\/wp-content\/uploads\/2023\/12\/Boston_web-75x75.jpg 75w, https:\/\/www.chronicles.pl\/wp-content\/uploads\/2023\/12\/Boston_web-480x480.jpg 480w, https:\/\/www.chronicles.pl\/wp-content\/uploads\/2023\/12\/Boston_web-800x800.jpg 800w\" alt=\"Boston Tea Party\" width=\"1229\" height=\"1229\" \/><\/p>\n<h2 class=\"title\">Zestaw pr\u00f3bek<\/h2>\n<p>Rzut oka na opowiadane historie. Kr\u00f3tka nowelka zamiast obszernej powie\u015bci. Je\u015bli masz w\u0105tpliwo\u015bci, kt\u00f3ra z kompozycji Chronicles b\u0119dzie dla Ciebie odpowiednia, zestaw naszych pr\u00f3bek u\u0142atwi Ci wyb\u00f3r.<\/p>\n<p><a class=\"button  button_full_width button_size_2 button_dark\" title=\"\" href=\"https:\/\/www.chronicles.pl\/produkt\/zestaw-probek\/\"><span class=\"button_label\">PRZETESTUJ<\/span><\/a><\/p>\n<h2 class=\"title\">Dobra historia wymaga szlachetnej oprawy<\/h2>\n<p>Sprawd\u017a, jakie warto\u015bci przy\u015bwiecaj\u0105 nam przy tworzeniu kolekcji Chronicles<br \/>\n<a title=\"\" href=\"https:\/\/www.chronicles.pl\/en\/values\/#perfumeria\"><img loading=\"lazy\" decoding=\"async\" class=\"scale-with-grid\" src=\"https:\/\/www.chronicles.pl\/wp-content\/uploads\/2023\/12\/Perfumer.jpg#179\" alt=\"Perfumer\" width=\"1828\" height=\"1400\" \/><\/a><\/p>\n<h2>Rzemie\u015blnicza perfumeria<\/h2>\n<p><a title=\"\" href=\"https:\/\/www.chronicles.pl\/en\/values\/#ilustracje\"><img loading=\"lazy\" decoding=\"async\" class=\"scale-with-grid\" src=\"https:\/\/www.chronicles.pl\/wp-content\/uploads\/2023\/12\/Boston_ilustracja.jpg#175\" alt=\"Boston_ilustracja\" width=\"1499\" height=\"657\" \/><\/a><\/p>\n<h2>Autorskie ilustracje<\/h2>\n<p><a title=\"\" href=\"https:\/\/www.chronicles.pl\/en\/values\/#detale\"><img loading=\"lazy\" decoding=\"async\" class=\"scale-with-grid\" src=\"https:\/\/www.chronicles.pl\/wp-content\/uploads\/2023\/12\/MG_0680-scaled-e1701620569214.jpg#189\" alt=\"_MG_0680\" width=\"2560\" height=\"1651\" \/><\/a><\/p>\n<h2>Dba\u0142o\u015b\u0107 o detale<\/h2>\n<p><span style=\"letter-spacing: 0px;\">\u00a0<\/span><\/p>\n<h2>Odkrywaj z nami kolejne historie.<\/h2>\n<p><img loading=\"lazy\" decoding=\"async\" class=\"scale-with-grid\" src=\"https:\/\/www.chronicles.pl\/wp-content\/uploads\/2018\/04\/line.png\" alt=\"\" width=\"251\" height=\"2\" \/><\/p>\n<p>Zapisz si\u0119 i otrzymuj powiadomienia o kolejnych premierach.<\/p>\n<p>(function() {<br \/>\nwindow.mc4wp = window.mc4wp || {<br \/>\nlisteners: [],<br \/>\nforms: {<br \/>\non: function(evt, cb) {<br \/>\nwindow.mc4wp.listeners.push(<br \/>\n{<br \/>\nevent : evt,<br \/>\ncallback: cb<br \/>\n}<br \/>\n);<br \/>\n}<br \/>\n}<br \/>\n}<br \/>\n})();<\/p>\n<p>Wpisz sw\u00f3j e-mail:<\/p>\n<p>Leave this field empty if you&#8217;re human:<\/p>\n","protected":false},"excerpt":{"rendered":"<p>47 BC Cleopatra&#8217;s Power Play Pierwsze spotkanie Cleopatry VII z Juliuszem Cezarem w pa\u0142acu aleksandryjskim to chwila, w kt\u00f3rej intymno\u015b\u0107 i wzajemna ciekawo\u015b\u0107 dw\u00f3ch wybitnych strateg\u00f3w<span class=\"excerpt-hellip\"> [\u2026]<\/span><\/p>\n","protected":false},"author":1,"featured_media":264,"parent":0,"menu_order":0,"comment_status":"open","ping_status":"closed","template":"","meta":{"footnotes":""},"class_list":["post-342","page","type-page","status-publish","has-post-thumbnail","hentry"],"yoast_head":"<!-- This site is optimized with the Yoast SEO plugin v27.2 - https:\/\/yoast.com\/product\/yoast-seo-wordpress\/ -->\n<title>Chronicles - scents of history<\/title>\n<meta name=\"description\" content=\"Do\u0142\u0105cz do fascynuj\u0105cej podr\u00f3\u017cy w czasie poprzez zapach! Perfumy Chronicles przenios\u0105 Ci\u0119 w centrum najwa\u017cniejszych wydarze\u0144 z historii ludzko\u015bci.\" \/>\n<meta name=\"robots\" content=\"index, follow, max-snippet:-1, max-image-preview:large, max-video-preview:-1\" \/>\n<link rel=\"canonical\" href=\"https:\/\/www.chronicles.pl\/en\/\" \/>\n<meta property=\"og:locale\" content=\"en_US\" \/>\n<meta property=\"og:type\" content=\"article\" \/>\n<meta property=\"og:title\" content=\"Chronicles - scents of history\" \/>\n<meta property=\"og:description\" content=\"Do\u0142\u0105cz do fascynuj\u0105cej podr\u00f3\u017cy w czasie poprzez zapach! Perfumy Chronicles przenios\u0105 Ci\u0119 w centrum najwa\u017cniejszych wydarze\u0144 z historii ludzko\u015bci.\" \/>\n<meta property=\"og:url\" content=\"https:\/\/www.chronicles.pl\/en\/\" \/>\n<meta property=\"og:site_name\" content=\"Chronicles - scents of history\" \/>\n<meta property=\"article:publisher\" content=\"https:\/\/www.facebook.com\/chronicles.perfumes\" \/>\n<meta property=\"article:modified_time\" content=\"2025-06-04T15:26:55+00:00\" \/>\n<meta property=\"og:image\" content=\"https:\/\/www.chronicles.pl\/wp-content\/uploads\/2023\/12\/Sample_set_web.png\" \/>\n\t<meta property=\"og:image:width\" content=\"1280\" \/>\n\t<meta property=\"og:image:height\" content=\"1015\" \/>\n\t<meta property=\"og:image:type\" content=\"image\/png\" \/>\n<meta name=\"twitter:card\" content=\"summary_large_image\" \/>\n<meta name=\"twitter:label1\" content=\"Est. reading time\" \/>\n\t<meta name=\"twitter:data1\" content=\"3 minutes\" \/>\n<script type=\"application\/ld+json\" class=\"yoast-schema-graph\">{\"@context\":\"https:\/\/schema.org\",\"@graph\":[{\"@type\":\"WebPage\",\"@id\":\"https:\/\/www.chronicles.pl\/en\/\",\"url\":\"https:\/\/www.chronicles.pl\/en\/\",\"name\":\"Chronicles - scents of history\",\"isPartOf\":{\"@id\":\"https:\/\/www.chronicles.pl\/#website\"},\"primaryImageOfPage\":{\"@id\":\"https:\/\/www.chronicles.pl\/en\/#primaryimage\"},\"image\":{\"@id\":\"https:\/\/www.chronicles.pl\/en\/#primaryimage\"},\"thumbnailUrl\":\"https:\/\/www.chronicles.pl\/wp-content\/uploads\/2023\/12\/Sample_set_web.png\",\"datePublished\":\"2018-04-17T13:10:46+00:00\",\"dateModified\":\"2025-06-04T15:26:55+00:00\",\"description\":\"Do\u0142\u0105cz do fascynuj\u0105cej podr\u00f3\u017cy w czasie poprzez zapach! Perfumy Chronicles przenios\u0105 Ci\u0119 w centrum najwa\u017cniejszych wydarze\u0144 z historii ludzko\u015bci.\",\"breadcrumb\":{\"@id\":\"https:\/\/www.chronicles.pl\/en\/#breadcrumb\"},\"inLanguage\":\"en-US\",\"potentialAction\":[{\"@type\":\"ReadAction\",\"target\":[\"https:\/\/www.chronicles.pl\/en\/\"]}]},{\"@type\":\"ImageObject\",\"inLanguage\":\"en-US\",\"@id\":\"https:\/\/www.chronicles.pl\/en\/#primaryimage\",\"url\":\"https:\/\/www.chronicles.pl\/wp-content\/uploads\/2023\/12\/Sample_set_web.png\",\"contentUrl\":\"https:\/\/www.chronicles.pl\/wp-content\/uploads\/2023\/12\/Sample_set_web.png\",\"width\":1280,\"height\":1015},{\"@type\":\"BreadcrumbList\",\"@id\":\"https:\/\/www.chronicles.pl\/en\/#breadcrumb\",\"itemListElement\":[{\"@type\":\"ListItem\",\"position\":1,\"name\":\"Strona g\u0142\u00f3wna\",\"item\":\"https:\/\/www.chronicles.pl\/en\/\"},{\"@type\":\"ListItem\",\"position\":2,\"name\":\"Home\"}]},{\"@type\":\"WebSite\",\"@id\":\"https:\/\/www.chronicles.pl\/#website\",\"url\":\"https:\/\/www.chronicles.pl\/\",\"name\":\"Chronicles - scents of history\",\"description\":\"Scents of History\",\"publisher\":{\"@id\":\"https:\/\/www.chronicles.pl\/#organization\"},\"potentialAction\":[{\"@type\":\"SearchAction\",\"target\":{\"@type\":\"EntryPoint\",\"urlTemplate\":\"https:\/\/www.chronicles.pl\/?s={search_term_string}\"},\"query-input\":{\"@type\":\"PropertyValueSpecification\",\"valueRequired\":true,\"valueName\":\"search_term_string\"}}],\"inLanguage\":\"en-US\"},{\"@type\":\"Organization\",\"@id\":\"https:\/\/www.chronicles.pl\/#organization\",\"name\":\"Chronicles - scents of history\",\"alternateName\":\"Chronicles\",\"url\":\"https:\/\/www.chronicles.pl\/\",\"logo\":{\"@type\":\"ImageObject\",\"inLanguage\":\"en-US\",\"@id\":\"https:\/\/www.chronicles.pl\/#\/schema\/logo\/image\/\",\"url\":\"https:\/\/www.chronicles.pl\/wp-content\/uploads\/2023\/08\/Chronicle_gold.png\",\"contentUrl\":\"https:\/\/www.chronicles.pl\/wp-content\/uploads\/2023\/08\/Chronicle_gold.png\",\"width\":2300,\"height\":1500,\"caption\":\"Chronicles - scents of history\"},\"image\":{\"@id\":\"https:\/\/www.chronicles.pl\/#\/schema\/logo\/image\/\"},\"sameAs\":[\"https:\/\/www.facebook.com\/chronicles.perfumes\"]}]}<\/script>\n<!-- \/ Yoast SEO plugin. -->","yoast_head_json":{"title":"Chronicles - scents of history","description":"Do\u0142\u0105cz do fascynuj\u0105cej podr\u00f3\u017cy w czasie poprzez zapach! Perfumy Chronicles przenios\u0105 Ci\u0119 w centrum najwa\u017cniejszych wydarze\u0144 z historii ludzko\u015bci.","robots":{"index":"index","follow":"follow","max-snippet":"max-snippet:-1","max-image-preview":"max-image-preview:large","max-video-preview":"max-video-preview:-1"},"canonical":"https:\/\/www.chronicles.pl\/en\/","og_locale":"en_US","og_type":"article","og_title":"Chronicles - scents of history","og_description":"Do\u0142\u0105cz do fascynuj\u0105cej podr\u00f3\u017cy w czasie poprzez zapach! Perfumy Chronicles przenios\u0105 Ci\u0119 w centrum najwa\u017cniejszych wydarze\u0144 z historii ludzko\u015bci.","og_url":"https:\/\/www.chronicles.pl\/en\/","og_site_name":"Chronicles - scents of history","article_publisher":"https:\/\/www.facebook.com\/chronicles.perfumes","article_modified_time":"2025-06-04T15:26:55+00:00","og_image":[{"width":1280,"height":1015,"url":"https:\/\/www.chronicles.pl\/wp-content\/uploads\/2023\/12\/Sample_set_web.png","type":"image\/png"}],"twitter_card":"summary_large_image","twitter_misc":{"Est. reading time":"3 minutes"},"schema":{"@context":"https:\/\/schema.org","@graph":[{"@type":"WebPage","@id":"https:\/\/www.chronicles.pl\/en\/","url":"https:\/\/www.chronicles.pl\/en\/","name":"Chronicles - scents of history","isPartOf":{"@id":"https:\/\/www.chronicles.pl\/#website"},"primaryImageOfPage":{"@id":"https:\/\/www.chronicles.pl\/en\/#primaryimage"},"image":{"@id":"https:\/\/www.chronicles.pl\/en\/#primaryimage"},"thumbnailUrl":"https:\/\/www.chronicles.pl\/wp-content\/uploads\/2023\/12\/Sample_set_web.png","datePublished":"2018-04-17T13:10:46+00:00","dateModified":"2025-06-04T15:26:55+00:00","description":"Do\u0142\u0105cz do fascynuj\u0105cej podr\u00f3\u017cy w czasie poprzez zapach! Perfumy Chronicles przenios\u0105 Ci\u0119 w centrum najwa\u017cniejszych wydarze\u0144 z historii ludzko\u015bci.","breadcrumb":{"@id":"https:\/\/www.chronicles.pl\/en\/#breadcrumb"},"inLanguage":"en-US","potentialAction":[{"@type":"ReadAction","target":["https:\/\/www.chronicles.pl\/en\/"]}]},{"@type":"ImageObject","inLanguage":"en-US","@id":"https:\/\/www.chronicles.pl\/en\/#primaryimage","url":"https:\/\/www.chronicles.pl\/wp-content\/uploads\/2023\/12\/Sample_set_web.png","contentUrl":"https:\/\/www.chronicles.pl\/wp-content\/uploads\/2023\/12\/Sample_set_web.png","width":1280,"height":1015},{"@type":"BreadcrumbList","@id":"https:\/\/www.chronicles.pl\/en\/#breadcrumb","itemListElement":[{"@type":"ListItem","position":1,"name":"Strona g\u0142\u00f3wna","item":"https:\/\/www.chronicles.pl\/en\/"},{"@type":"ListItem","position":2,"name":"Home"}]},{"@type":"WebSite","@id":"https:\/\/www.chronicles.pl\/#website","url":"https:\/\/www.chronicles.pl\/","name":"Chronicles - scents of history","description":"Scents of History","publisher":{"@id":"https:\/\/www.chronicles.pl\/#organization"},"potentialAction":[{"@type":"SearchAction","target":{"@type":"EntryPoint","urlTemplate":"https:\/\/www.chronicles.pl\/?s={search_term_string}"},"query-input":{"@type":"PropertyValueSpecification","valueRequired":true,"valueName":"search_term_string"}}],"inLanguage":"en-US"},{"@type":"Organization","@id":"https:\/\/www.chronicles.pl\/#organization","name":"Chronicles - scents of history","alternateName":"Chronicles","url":"https:\/\/www.chronicles.pl\/","logo":{"@type":"ImageObject","inLanguage":"en-US","@id":"https:\/\/www.chronicles.pl\/#\/schema\/logo\/image\/","url":"https:\/\/www.chronicles.pl\/wp-content\/uploads\/2023\/08\/Chronicle_gold.png","contentUrl":"https:\/\/www.chronicles.pl\/wp-content\/uploads\/2023\/08\/Chronicle_gold.png","width":2300,"height":1500,"caption":"Chronicles - scents of history"},"image":{"@id":"https:\/\/www.chronicles.pl\/#\/schema\/logo\/image\/"},"sameAs":["https:\/\/www.facebook.com\/chronicles.perfumes"]}]}},"jetpack_sharing_enabled":true,"_links":{"self":[{"href":"https:\/\/www.chronicles.pl\/en\/wp-json\/wp\/v2\/pages\/342","targetHints":{"allow":["GET"]}}],"collection":[{"href":"https:\/\/www.chronicles.pl\/en\/wp-json\/wp\/v2\/pages"}],"about":[{"href":"https:\/\/www.chronicles.pl\/en\/wp-json\/wp\/v2\/types\/page"}],"author":[{"embeddable":true,"href":"https:\/\/www.chronicles.pl\/en\/wp-json\/wp\/v2\/users\/1"}],"replies":[{"embeddable":true,"href":"https:\/\/www.chronicles.pl\/en\/wp-json\/wp\/v2\/comments?post=342"}],"version-history":[{"count":7,"href":"https:\/\/www.chronicles.pl\/en\/wp-json\/wp\/v2\/pages\/342\/revisions"}],"predecessor-version":[{"id":664,"href":"https:\/\/www.chronicles.pl\/en\/wp-json\/wp\/v2\/pages\/342\/revisions\/664"}],"wp:featuredmedia":[{"embeddable":true,"href":"https:\/\/www.chronicles.pl\/en\/wp-json\/wp\/v2\/media\/264"}],"wp:attachment":[{"href":"https:\/\/www.chronicles.pl\/en\/wp-json\/wp\/v2\/media?parent=342"}],"curies":[{"name":"wp","href":"https:\/\/api.w.org\/{rel}","templated":true}]}}